{"id":12,"date":"2021-07-30T13:18:26","date_gmt":"2021-07-30T13:18:26","guid":{"rendered":"https:\/\/biancabolinski.de\/?page_id=12"},"modified":"2023-11-06T12:06:05","modified_gmt":"2023-11-06T12:06:05","slug":"impressum-2","status":"publish","type":"page","link":"https:\/\/biancabolinski.de\/index.php\/impressum-2\/","title":{"rendered":"Impressum"},"content":{"rendered":"\n<p><strong><em>Verantwortlich f\u00fcr den Inhalt:<\/em><\/strong><\/p>\n\n\n\n<p>Bianca Scheunert<br>Sandkrugw. 4<br>17034 Neubrandenburg<\/p>\n\n\n\n<p>Tel. 01525 4014460<br><\/p>\n\n\n\n<p><strong><em>Kontakt: <\/em><\/strong><a href=\"mailto:Bibolinski@t-online.de\"><em><strong>Bibolinski@t-online.de<\/strong><\/em><\/a><br><strong><em>Web: <\/em><\/strong><a href=\"http:\/\/www.biancabolinski.de\"><em><strong>www.biancabolinski.de<\/strong><\/em><\/a><\/p>\n\n\n\n<p>USt.-ID-Nr. DE238354454<\/p>\n\n\n\n<figure class=\"wp-block-image size-full\"><img fetchpriority=\"high\" decoding=\"async\" width=\"400\" height=\"305\" src=\"https:\/\/biancabolinski.de\/wp-content\/uploads\/2021\/07\/Im20Wald.jpg\" alt=\"\" class=\"wp-image-100\" srcset=\"https:\/\/biancabolinski.de\/wp-content\/uploads\/2021\/07\/Im20Wald.jpg 400w, https:\/\/biancabolinski.de\/wp-content\/uploads\/2021\/07\/Im20Wald-300x229.jpg 300w\" sizes=\"(max-width: 400px) 100vw, 400px\" \/><figcaption class=\"wp-element-caption\">Haftungsausschluss: Trotz gewissenhafter Kontrolle \u00fcbernehme ich keine Haftung f\u00fcr Inhalte externer Links. F\u00fcr den Inhalt verlinkter Seiten sind ausschlie\u00dflich die Betreiber der jeweiligen Seiten verantwortlich.<\/figcaption><\/figure>\n","protected":false},"excerpt":{"rendered":"<p>Verantwortlich f\u00fcr den Inhalt: Bianca ScheunertSandkrugw. 417034 Neubrandenburg Tel. 01525 4014460 Kontakt: Bibolinski@t-online.deWeb: www.biancabolinski.de USt.-ID-Nr. DE238354454<\/p>\n","protected":false},"author":2,"featured_media":102,"parent":0,"menu_order":0,"comment_status":"closed","ping_status":"closed","template":"","meta":{"footnotes":""},"class_list":["post-12","page","type-page","status-publish","has-post-thumbnail","hentry"],"_links":{"self":[{"href":"https:\/\/biancabolinski.de\/index.php\/wp-json\/wp\/v2\/pages\/12","targetHints":{"allow":["GET"]}}],"collection":[{"href":"https:\/\/biancabolinski.de\/index.php\/wp-json\/wp\/v2\/pages"}],"about":[{"href":"https:\/\/biancabolinski.de\/index.php\/wp-json\/wp\/v2\/types\/page"}],"author":[{"embeddable":true,"href":"https:\/\/biancabolinski.de\/index.php\/wp-json\/wp\/v2\/users\/2"}],"replies":[{"embeddable":true,"href":"https:\/\/biancabolinski.de\/index.php\/wp-json\/wp\/v2\/comments?post=12"}],"version-history":[{"count":4,"href":"https:\/\/biancabolinski.de\/index.php\/wp-json\/wp\/v2\/pages\/12\/revisions"}],"predecessor-version":[{"id":659,"href":"https:\/\/biancabolinski.de\/index.php\/wp-json\/wp\/v2\/pages\/12\/revisions\/659"}],"wp:featuredmedia":[{"embeddable":true,"href":"https:\/\/biancabolinski.de\/index.php\/wp-json\/wp\/v2\/media\/102"}],"wp:attachment":[{"href":"https:\/\/biancabolinski.de\/index.php\/wp-json\/wp\/v2\/media?parent=12"}],"curies":[{"name":"wp","href":"https:\/\/api.w.org\/{rel}","templated":true}]}}