{"id":55,"date":"2021-07-30T14:53:20","date_gmt":"2021-07-30T14:53:20","guid":{"rendered":"https:\/\/biancabolinski.de\/?page_id=55"},"modified":"2023-11-06T12:46:04","modified_gmt":"2023-11-06T12:46:04","slug":"wer-bin-ich","status":"publish","type":"page","link":"https:\/\/biancabolinski.de\/index.php\/wer-bin-ich\/","title":{"rendered":"Wer bin ich?"},"content":{"rendered":"\t\t<div data-elementor-type=\"wp-page\" data-elementor-id=\"55\" class=\"elementor elementor-55\">\n\t\t\t\t\t\t<section class=\"elementor-section elementor-top-section elementor-element elementor-element-6a20e232 elementor-section-boxed elementor-section-height-default elementor-section-height-default\" data-id=\"6a20e232\" data-element_type=\"section\" data-e-type=\"section\">\n\t\t\t\t\t\t<div class=\"elementor-container elementor-column-gap-default\">\n\t\t\t\t\t<div class=\"elementor-column elementor-col-100 elementor-top-column elementor-element elementor-element-6cd6c713\" data-id=\"6cd6c713\" data-element_type=\"column\" data-e-type=\"column\">\n\t\t\t<div class=\"elementor-widget-wrap elementor-element-populated\">\n\t\t\t\t\t\t<div class=\"elementor-element elementor-element-40944f5 elementor-widget__width-initial elementor-widget elementor-widget-text-editor\" data-id=\"40944f5\" data-element_type=\"widget\" data-e-type=\"widget\" data-widget_type=\"text-editor.default\">\n\t\t\t\t<div class=\"elementor-widget-container\">\n\t\t\t\t\t\t\t\t\t<p><\/p>\n<p><\/p>\n<p><\/p>\n<div class=\"wp-block-columns is-layout-flex wp-container-core-columns-is-layout-9d6595d7 wp-block-columns-is-layout-flex\">\n<p><\/p>\n<div class=\"wp-block-column is-layout-flow wp-block-column-is-layout-flow\" style=\"flex-basis: 50%;\">\n<p><\/p>\n<blockquote class=\"wp-block-quote is-layout-flow wp-block-quote-is-layout-flow\">\n<p><\/p>\n<p style=\"font-size: 16px;\">Mein Name ist Bianca Scheunert. <br \/>Ich bin am 1. Mai 1973 in Neubrandenburg <br \/>in Mecklenburg Vorpommern geboren. <br \/>Ich bin Stier mit Aszendent L\u00f6we :o)<br \/>Ich habe 11 Jahre in Hagen (NRW) gelebt und bin nun wieder in Neubrandenburg gelandet. <br \/>Aber Hagen ist immer noch eine Lieblingsheimat :o) <br \/>Aber was tut man nicht alles aus Liebe\u2026<\/p>\n<p><\/p>\n<\/blockquote>\n<p><\/p>\n<\/div>\n<p><\/p>\n<p><\/p>\n<div class=\"wp-block-column is-layout-flow wp-block-column-is-layout-flow\" style=\"flex-basis: 50%;\">\n<p><\/p>\n<figure class=\"wp-block-image size-full\"><img fetchpriority=\"high\" decoding=\"async\" width=\"400\" height=\"533\" class=\"wp-image-56\" src=\"https:\/\/biancabolinski.de\/wp-content\/uploads\/2021\/07\/P1160588-1.jpg\" alt=\"\" srcset=\"https:\/\/biancabolinski.de\/wp-content\/uploads\/2021\/07\/P1160588-1.jpg 400w, https:\/\/biancabolinski.de\/wp-content\/uploads\/2021\/07\/P1160588-1-225x300.jpg 225w\" sizes=\"(max-width: 400px) 100vw, 400px\" \/><\/figure>\n<p><\/p>\n<\/div>\n<p><\/p>\n<\/div>\n<p><\/p>\n<p><\/p>\n<p style=\"font-size: 16px;\"><em>Ich bin eigentlich gelernte Krankenschwester, habe dann aber eine Umschulung zur Kauffrau f\u00fcr B\u00fcrokommunikation gemacht. Meinen spirituellen Weg gehe ich seit ca. 2000. Seitdem habe ich mich st\u00e4ndig weiter entwickelt und mich auf verschiedene Weise weitergebildet. Ich lege seit ca. 16 Jahren Karten und bin inzwischen Reiki-Meisterin des Usui Systems. Ich hoffe, dass ich dir auch in diesem Bereich ein bisschen Hilfestellung geben kann.<br \/><br \/>Meine Lieblingsfarbe ist gr\u00fcn, ich k\u00f6nnte stundenlang in Buchl\u00e4den verbringen und ich mag Spazierg\u00e4nge im Herbst\u2026.wenn die bunten Bl\u00e4tter fallen. Au\u00dferdem fotografiere ich sehr gerne in der Natur. Meine Nikon ist immer dabei&#8230; \ud83d\ude09 Ich mag die Musik von Barry White und Filme von Doris Day und ich liebe Weihnachten :o) Am Wichtigsten sind mir aber mein Mann und meine beiden M\u00e4dels.<\/em><br \/><em><br \/>Es gibt noch ganz viel in meinem Leben, aber ein bisschen was muss ich ja auch f\u00fcr mich behalten..<\/em><\/p>\n<p><\/p>\n<p><\/p>\n<p><\/p>\n<p><\/p>\n<p class=\"is-layout-flex wp-container-core-columns-is-layout-9d6595d7 wp-block-columns-is-layout-flex\"><\/p>\n<p><\/p>\n<p><\/p>\n<p><\/p>\n<p><\/p>\n<p><\/p>\n<p><\/p>\t\t\t\t\t\t\t\t<\/div>\n\t\t\t\t<\/div>\n\t\t\t\t\t<\/div>\n\t\t<\/div>\n\t\t\t\t\t<\/div>\n\t\t<\/section>\n\t\t\t\t<\/div>\n\t\t","protected":false},"excerpt":{"rendered":"<p>Mein Name ist Bianca Scheunert. Ich bin am 1. Mai 1973 in Neubrandenburg in Mecklenburg Vorpommern geboren. Ich bin Stier mit Aszendent L\u00f6we :o)Ich habe 11 Jahre in Hagen (NRW) gelebt und bin nun wieder in Neubrandenburg gelandet. Aber Hagen ist immer noch eine Lieblingsheimat :o) Aber was tut man nicht alles aus Liebe\u2026 Ich &hellip; <\/p>\n<p class=\"link-more\"><a href=\"https:\/\/biancabolinski.de\/index.php\/wer-bin-ich\/\" class=\"more-link\"><span class=\"screen-reader-text\">\u201eWer bin ich?\u201c<\/span> weiterlesen<\/a><\/p>\n","protected":false},"author":2,"featured_media":0,"parent":0,"menu_order":0,"comment_status":"closed","ping_status":"closed","template":"","meta":{"footnotes":""},"class_list":["post-55","page","type-page","status-publish","hentry"],"_links":{"self":[{"href":"https:\/\/biancabolinski.de\/index.php\/wp-json\/wp\/v2\/pages\/55","targetHints":{"allow":["GET"]}}],"collection":[{"href":"https:\/\/biancabolinski.de\/index.php\/wp-json\/wp\/v2\/pages"}],"about":[{"href":"https:\/\/biancabolinski.de\/index.php\/wp-json\/wp\/v2\/types\/page"}],"author":[{"embeddable":true,"href":"https:\/\/biancabolinski.de\/index.php\/wp-json\/wp\/v2\/users\/2"}],"replies":[{"embeddable":true,"href":"https:\/\/biancabolinski.de\/index.php\/wp-json\/wp\/v2\/comments?post=55"}],"version-history":[{"count":11,"href":"https:\/\/biancabolinski.de\/index.php\/wp-json\/wp\/v2\/pages\/55\/revisions"}],"predecessor-version":[{"id":673,"href":"https:\/\/biancabolinski.de\/index.php\/wp-json\/wp\/v2\/pages\/55\/revisions\/673"}],"wp:attachment":[{"href":"https:\/\/biancabolinski.de\/index.php\/wp-json\/wp\/v2\/media?parent=55"}],"curies":[{"name":"wp","href":"https:\/\/api.w.org\/{rel}","templated":true}]}}