{"id":62,"date":"2021-07-30T15:10:01","date_gmt":"2021-07-30T15:10:01","guid":{"rendered":"https:\/\/biancabolinski.de\/?page_id=62"},"modified":"2022-10-22T19:27:22","modified_gmt":"2022-10-22T19:27:22","slug":"ein-blick-in-die-zukunft","status":"publish","type":"page","link":"https:\/\/biancabolinski.de\/index.php\/ein-blick-in-die-zukunft\/","title":{"rendered":"Ein Blick in die Zukunft"},"content":{"rendered":"\n<figure class=\"wp-block-table\"><table><tbody><tr><td><\/td><td><img decoding=\"async\" src=\"\"><br><strong><em>Bist du momentan in einer scheinbar auswegslosen Situation und wei\u00dft nicht mehr weiter? M\u00f6chtest du das Verh\u00e4ltnis zu einer Person analysieren oder wissen wie es beruflich weitergeht? Dann kannst du mich gerne telefonisch (bzw. \u00fcber WhatsApp) oder per Mail kontaktieren. Ich werde mich schnellstm\u00f6glich zur\u00fcck melden, damit wir einen Termin vereinbaren k\u00f6nnen.<\/em><\/strong><br><br><em><strong>Aufgrund schlechter Erfahrungen ist eine Beratung nur mit Vorkasse m\u00f6glich. F\u00fcr eine Sitzung bis zu einer Stunde veranschlage ich 65,00 \u20ac. Alles, was dar\u00fcber hinausgeht, wird anteilig berechnet.<\/strong><\/em> <strong><em>Grunds\u00e4tzlich versuche ich dir das zu sagen, was ich sehe, auch wenn es nicht unbedingt das ist, was du vielleicht h\u00f6ren m\u00f6chtest. Das solltest du vorher wissen. Au\u00dferdem halte ich nichts von Partnerzusammenf\u00fchrungen oder \u00c4hnlichem. Das, was in den Karten zu sehen ist kann eine Hilfestellung f\u00fcr dich sein und soll dir keine Entscheidungen abnehmen bzw. dein Leben bestimmen.<\/em><br><br><em>Die Beratung ist kein Ersatz f\u00fcr den Besuch beim Arzt oder Heilpraktiker. Es werden keine gesundheitlichen Diagnosen gestellt.<\/em><br><br><em>Vielleicht kann ich dir helfen, ein bisschen klarer zu sehen.<\/em><\/strong><br><br>Mail to: <a href=\"mailto:Bibolinski@t-online.de\">Bibolinski@t-online.de<\/a> Tel.: 01525 4014460<br><br>Bitte beachten: Da ich hauptberuflich einer anderen T\u00e4tigkeit nachgehe, bin ich nicht immer sofort erreichbar. Ihr k\u00f6nnt mir aber gerne eine Nachricht hinterlassen, ich melde mich schnellstm\u00f6glich zur\u00fcck.<\/td><\/tr><\/tbody><\/table><\/figure>\n\n\n\n<figure class=\"wp-block-image size-large\"><img fetchpriority=\"high\" decoding=\"async\" width=\"1024\" height=\"682\" src=\"https:\/\/biancabolinski.de\/wp-content\/uploads\/2021\/07\/thumbnail_IMG_4904a-1024x682.jpg\" alt=\"\" class=\"wp-image-81\" srcset=\"https:\/\/biancabolinski.de\/wp-content\/uploads\/2021\/07\/thumbnail_IMG_4904a-1024x682.jpg 1024w, https:\/\/biancabolinski.de\/wp-content\/uploads\/2021\/07\/thumbnail_IMG_4904a-300x200.jpg 300w, https:\/\/biancabolinski.de\/wp-content\/uploads\/2021\/07\/thumbnail_IMG_4904a-768x512.jpg 768w, https:\/\/biancabolinski.de\/wp-content\/uploads\/2021\/07\/thumbnail_IMG_4904a.jpg 1280w\" sizes=\"(max-width: 767px) 89vw, (max-width: 1000px) 54vw, (max-width: 1071px) 543px, 580px\" \/><\/figure>\n","protected":false},"excerpt":{"rendered":"<p>Bist du momentan in einer scheinbar auswegslosen Situation und wei\u00dft nicht mehr weiter? M\u00f6chtest du das Verh\u00e4ltnis zu einer Person analysieren oder wissen wie es beruflich weitergeht? Dann kannst du mich gerne telefonisch (bzw. \u00fcber WhatsApp) oder per Mail kontaktieren. Ich werde mich schnellstm\u00f6glich zur\u00fcck melden, damit wir einen Termin vereinbaren k\u00f6nnen. Aufgrund schlechter Erfahrungen &hellip; <\/p>\n<p class=\"link-more\"><a href=\"https:\/\/biancabolinski.de\/index.php\/ein-blick-in-die-zukunft\/\" class=\"more-link\"><span class=\"screen-reader-text\">\u201eEin Blick in die Zukunft\u201c<\/span> weiterlesen<\/a><\/p>\n","protected":false},"author":2,"featured_media":0,"parent":0,"menu_order":0,"comment_status":"closed","ping_status":"closed","template":"","meta":{"footnotes":""},"class_list":["post-62","page","type-page","status-publish","hentry"],"_links":{"self":[{"href":"https:\/\/biancabolinski.de\/index.php\/wp-json\/wp\/v2\/pages\/62","targetHints":{"allow":["GET"]}}],"collection":[{"href":"https:\/\/biancabolinski.de\/index.php\/wp-json\/wp\/v2\/pages"}],"about":[{"href":"https:\/\/biancabolinski.de\/index.php\/wp-json\/wp\/v2\/types\/page"}],"author":[{"embeddable":true,"href":"https:\/\/biancabolinski.de\/index.php\/wp-json\/wp\/v2\/users\/2"}],"replies":[{"embeddable":true,"href":"https:\/\/biancabolinski.de\/index.php\/wp-json\/wp\/v2\/comments?post=62"}],"version-history":[{"count":3,"href":"https:\/\/biancabolinski.de\/index.php\/wp-json\/wp\/v2\/pages\/62\/revisions"}],"predecessor-version":[{"id":614,"href":"https:\/\/biancabolinski.de\/index.php\/wp-json\/wp\/v2\/pages\/62\/revisions\/614"}],"wp:attachment":[{"href":"https:\/\/biancabolinski.de\/index.php\/wp-json\/wp\/v2\/media?parent=62"}],"curies":[{"name":"wp","href":"https:\/\/api.w.org\/{rel}","templated":true}]}}