{"id":63,"date":"2021-07-30T15:10:01","date_gmt":"2021-07-30T15:10:01","guid":{"rendered":"https:\/\/biancabolinski.de\/?page_id=63"},"modified":"2022-08-31T13:04:34","modified_gmt":"2022-08-31T13:04:34","slug":"reiki-und-energiearbeit","status":"publish","type":"page","link":"https:\/\/biancabolinski.de\/index.php\/reiki-und-energiearbeit\/","title":{"rendered":"REIKI UND ENERGIEARBEIT"},"content":{"rendered":"\t\t<div data-elementor-type=\"wp-page\" data-elementor-id=\"63\" class=\"elementor elementor-63\">\n\t\t\t\t\t\t<section class=\"elementor-section elementor-top-section elementor-element elementor-element-3d7dd6bc elementor-section-boxed elementor-section-height-default elementor-section-height-default\" data-id=\"3d7dd6bc\" data-element_type=\"section\" data-e-type=\"section\">\n\t\t\t\t\t\t<div class=\"elementor-container elementor-column-gap-default\">\n\t\t\t\t\t<div class=\"elementor-column elementor-col-100 elementor-top-column elementor-element elementor-element-24ca9440\" data-id=\"24ca9440\" data-element_type=\"column\" data-e-type=\"column\">\n\t\t\t<div class=\"elementor-widget-wrap elementor-element-populated\">\n\t\t\t\t\t\t<div class=\"elementor-element elementor-element-593a00a0 elementor-widget elementor-widget-text-editor\" data-id=\"593a00a0\" data-element_type=\"widget\" data-e-type=\"widget\" data-widget_type=\"text-editor.default\">\n\t\t\t\t<div class=\"elementor-widget-container\">\n\t\t\t\t\t\t\t\t\t<p><\/p>\n<p><strong>Behandlungen<br>(alle Behandlungen sind als Fernbehandlung m\u00f6glich)<\/strong><\/p>\n<p><\/p>\n<p><strong>Heilsitzungen:<\/strong><br>Heilsitzung direkt oder als Fernbehandlung \u2013 <br>1. Termin:&nbsp; inklusive Vor- und Nachbesprechung &#8211; 85,00 \u20ac<\/p>\n<p><\/p>\n<p>Heilsitzung direkt oder als Fernbehandlung &#8211; <br>Folgetermin &#8211; 65,00 \u20ac<\/p>\n<p>Heilsitzung zur Heilung des Inneren Kindes<br>1. Sitzung 100,00 \u20ac, Folgesitzungen je 65,00 \u20ac<\/p>\n<p><\/p>\n<p>Heilsitzung f\u00fcr Tiere als Fernbehandlung- 60,00 \u20ac<br><\/p>\n<p><strong>Immunsystem-St\u00e4rkung, Behandlung von Corona und Corona-Nachbehandlung, Behandlung anderer hartn\u00e4ckiger Beschwerden (z.B. Wundheilungsst\u00f6rungen, Entz\u00fcndungen, &#8230;) <br><\/strong><br>Arbeit mit dem Tensor \u00fcber mehrere Tage und anschlie\u00dfende Heilbehandlung als Fernbehandlung \u2013&nbsp; 100,00 \u20ac<\/p>\n<p><strong>Besprechen<\/strong>: <br>Je Sitzung 13,00 \u20ac (3 Sitzungen sind mindestens n\u00f6tig)<\/p>\n<p><strong>Aufstellungen:<br><\/strong>Energetische Aufstellungen (z. B. Partner, Freundes, Mutter-Tochter, Firma, Beruf\u2026) &#8211;&nbsp; 350,00 \u20ac<br>(Inklusive 3 Zwischenbehandlungen) &#8211; Zeitraum \u00fcber 3 Monate<\/p>\n<p><strong>Therapien:<\/strong><br>Energetische Therapien (Phobien, \u00c4ngste\u2026) \u2013 100,00 \u20ac<\/p>\n<p><strong>Karmaaufl\u00f6sung<\/strong> \u2013 350,00 \u20ac<br>(inklusive 3 Zwischenbehandlungen) &#8211; Zeitraum \u00fcber 3 Monate<\/p>\n<p><strong>Kartenlegen:<\/strong><br>Pers\u00f6nlich oder telefonisch, ca. 60 Minuten \u2013 65,00 \u20ac<\/p>\n<p><\/p>\n<p><strong>Ausbildungen<\/strong> <br>als Einzelunterricht (Einweihung vor Ort, Unterricht ist auch telefonisch m\u00f6glich)<\/p>\n<p><\/p>\n<p>Reiki 1. Grad &#8211; 280,00 \u20ac<br>Reiki 2. Grad &#8211; 600,00 \u20ac<br>Reiki 3. Grad &#8211; 900,00 \u20ac<\/p>\n<p>Christusenergie auf Anfrage<\/p>\n<p><\/p>\n<p><strong>Alle Angebote sind auch als Fernbehandlung m\u00f6glich!<\/strong><\/p>\n<p><\/p>\n<p>Auf Wunsch stelle ich Ihnen Gutscheine aus.<\/p>\n<p>Geistiges Heilen dient der Aktivierung der Selbstheilungskr\u00e4fte und ersetzt nicht die Diagnose oder Behandlung beim Arzt oder Heilpraktiker. Ich stelle keine Diagnosen!<\/p>\n<p>Kontakt telefonisch, per WhatsApp oder per E-Mail:<\/p>\n<p>Mobil: +49 1525 401 44 60<br>Mail: <a href=\"mailto:Bibolinski@t-online.de\">Bibolinski@t-online.de<\/a><\/p>\n<p><\/p>\n<figure><img decoding=\"async\" src=\"https:\/\/biancabolinski.de\/wp-content\/uploads\/2021\/07\/thumbnail_IMG_5034a-1024x682.jpg\" alt=\"\"><\/figure>\n<p><\/p>\t\t\t\t\t\t\t\t<\/div>\n\t\t\t\t<\/div>\n\t\t\t\t\t<\/div>\n\t\t<\/div>\n\t\t\t\t\t<\/div>\n\t\t<\/section>\n\t\t\t\t<\/div>\n\t\t","protected":false},"excerpt":{"rendered":"<p>Behandlungen(alle Behandlungen sind als Fernbehandlung m\u00f6glich) Heilsitzungen:Heilsitzung direkt oder als Fernbehandlung \u2013 1. Termin:&nbsp; inklusive Vor- und Nachbesprechung &#8211; 85,00 \u20ac Heilsitzung direkt oder als Fernbehandlung &#8211; Folgetermin &#8211; 65,00 \u20ac Heilsitzung zur Heilung des Inneren Kindes1. Sitzung 100,00 \u20ac, Folgesitzungen je 65,00 \u20ac Heilsitzung f\u00fcr Tiere als Fernbehandlung- 60,00 \u20ac Immunsystem-St\u00e4rkung, Behandlung von Corona &hellip; <\/p>\n<p class=\"link-more\"><a href=\"https:\/\/biancabolinski.de\/index.php\/reiki-und-energiearbeit\/\" class=\"more-link\"><span class=\"screen-reader-text\">\u201eREIKI UND ENERGIEARBEIT\u201c<\/span> weiterlesen<\/a><\/p>\n","protected":false},"author":2,"featured_media":0,"parent":0,"menu_order":0,"comment_status":"closed","ping_status":"closed","template":"","meta":{"footnotes":""},"class_list":["post-63","page","type-page","status-publish","hentry"],"_links":{"self":[{"href":"https:\/\/biancabolinski.de\/index.php\/wp-json\/wp\/v2\/pages\/63","targetHints":{"allow":["GET"]}}],"collection":[{"href":"https:\/\/biancabolinski.de\/index.php\/wp-json\/wp\/v2\/pages"}],"about":[{"href":"https:\/\/biancabolinski.de\/index.php\/wp-json\/wp\/v2\/types\/page"}],"author":[{"embeddable":true,"href":"https:\/\/biancabolinski.de\/index.php\/wp-json\/wp\/v2\/users\/2"}],"replies":[{"embeddable":true,"href":"https:\/\/biancabolinski.de\/index.php\/wp-json\/wp\/v2\/comments?post=63"}],"version-history":[{"count":28,"href":"https:\/\/biancabolinski.de\/index.php\/wp-json\/wp\/v2\/pages\/63\/revisions"}],"predecessor-version":[{"id":612,"href":"https:\/\/biancabolinski.de\/index.php\/wp-json\/wp\/v2\/pages\/63\/revisions\/612"}],"wp:attachment":[{"href":"https:\/\/biancabolinski.de\/index.php\/wp-json\/wp\/v2\/media?parent=63"}],"curies":[{"name":"wp","href":"https:\/\/api.w.org\/{rel}","templated":true}]}}